{"id":85,"date":"2025-03-05T15:11:39","date_gmt":"2025-03-05T15:11:39","guid":{"rendered":"https:\/\/mollyslittlepack.com\/?page_id=85"},"modified":"2025-04-17T11:35:32","modified_gmt":"2025-04-17T11:35:32","slug":"about-us","status":"publish","type":"page","link":"https:\/\/mollyslittlepack.com\/sv\/about-us\/","title":{"rendered":"Om oss"},"content":{"rendered":"<div data-elementor-type=\"wp-page\" data-elementor-id=\"85\" class=\"elementor elementor-85\" data-elementor-post-type=\"page\">\n\t\t\t\t<div class=\"elementor-element elementor-element-79f9158 e-con-full e-flex e-con e-parent\" data-id=\"79f9158\" data-element_type=\"container\">\n\t\t<div class=\"elementor-element elementor-element-11ae8a2 e-con-full e-flex e-con e-child\" data-id=\"11ae8a2\" data-element_type=\"container\" data-settings=\"{&quot;background_background&quot;:&quot;classic&quot;}\">\n\t\t\t\t<\/div>\n\t\t<div class=\"elementor-element elementor-element-566754a e-con-full e-flex e-con e-child\" data-id=\"566754a\" data-element_type=\"container\">\n\t\t\t\t<div class=\"elementor-element elementor-element-067fc5c elementor-widget elementor-widget-heading\" data-id=\"067fc5c\" data-element_type=\"widget\" data-widget_type=\"heading.default\">\n\t\t\t\t<div class=\"elementor-widget-container\">\n\t\t\t\t\t<h2 class=\"elementor-heading-title elementor-size-default\">Om oss<\/h2>\t\t\t\t<\/div>\n\t\t\t\t<\/div>\n\t\t\t\t<div class=\"elementor-element elementor-element-26204e4 elementor-widget elementor-widget-text-editor\" data-id=\"26204e4\" data-element_type=\"widget\" data-widget_type=\"text-editor.default\">\n\t\t\t\t<div class=\"elementor-widget-container\">\n\t\t\t\t\t\t\t\t\t<p data-pm-slice=\"1 1 []\">V\u00e4lkommen till oss!<\/p><p>Vi \u00e4r Roos och Eszter Matla-Fodor, tv\u00e5 \u00e4ventyrliga nederl\u00e4ndare som tog steget att flytta till vackra Sverige \u00e5r 2021. Tillsammans med v\u00e5r \u00e4lskade Flatcoated Retriever Molly (Bunty from Tree Park House) njuter vi av lugnet, naturen och allt det skandinaviska friluftslivet har att erbjuda.<\/p><p>Molly \u00e4r en riktig familjehund \u2013 k\u00e4rleksfull, social och alltid redo f\u00f6r \u00e4ventyr. \u00c4ven om rasen naturligt har talang f\u00f6r jakt, l\u00e5ter vi den sidan vara. F\u00f6r oss \u00e4r Molly framf\u00f6r allt en trogen v\u00e4n och en oumb\u00e4rlig del av v\u00e5r familj.<\/p><p>\u00c5r 2023 fick vi \u00e4ran att ut\u00f6ka v\u00e5r lycka \u00e4nnu mer med ankomsten av v\u00e5r dotter. Molly tog henne genast till sitt hj\u00e4rta \u2013 hon \u00e4r otroligt k\u00e4rleksfull och omt\u00e4nksam med henne. V\u00e5r dotter \u00e4r numera helt f\u00f6r\u00e4lskad i Molly, och de har redan blivit riktiga v\u00e4nner.<\/p><p>Vi delar g\u00e4rna v\u00e5r passion f\u00f6r denna fantastiska ras. Tveka inte att kontakta oss om du vill veta mer \u2013 vi ber\u00e4ttar g\u00e4rna mer om\u00a0v\u00e5rt\u00a0\u00e4ventyr!<\/p>\t\t\t\t\t\t\t\t<\/div>\n\t\t\t\t<\/div>\n\t\t\t\t<\/div>\n\t\t\t\t<\/div>\n\t\t\t\t<\/div>","protected":false},"excerpt":{"rendered":"<p>About us Welcome to us! We are Roos and Eszter Matla-Fodor, two adventurous Dutch people who took the leap in 2021 to continue our lives in beautiful Sweden. Together with our beloved Flatcoated Retriever Molly (Bunty from Tree Park House), we enjoy the peace, nature, and everything the Scandinavian outdoors has to offer. Molly is [&hellip;]<\/p>","protected":false},"author":1,"featured_media":0,"parent":0,"menu_order":0,"comment_status":"closed","ping_status":"closed","template":"","meta":{"footnotes":""},"class_list":["post-85","page","type-page","status-publish","hentry"],"_links":{"self":[{"href":"https:\/\/mollyslittlepack.com\/sv\/wp-json\/wp\/v2\/pages\/85","targetHints":{"allow":["GET"]}}],"collection":[{"href":"https:\/\/mollyslittlepack.com\/sv\/wp-json\/wp\/v2\/pages"}],"about":[{"href":"https:\/\/mollyslittlepack.com\/sv\/wp-json\/wp\/v2\/types\/page"}],"author":[{"embeddable":true,"href":"https:\/\/mollyslittlepack.com\/sv\/wp-json\/wp\/v2\/users\/1"}],"replies":[{"embeddable":true,"href":"https:\/\/mollyslittlepack.com\/sv\/wp-json\/wp\/v2\/comments?post=85"}],"version-history":[{"count":13,"href":"https:\/\/mollyslittlepack.com\/sv\/wp-json\/wp\/v2\/pages\/85\/revisions"}],"predecessor-version":[{"id":243,"href":"https:\/\/mollyslittlepack.com\/sv\/wp-json\/wp\/v2\/pages\/85\/revisions\/243"}],"wp:attachment":[{"href":"https:\/\/mollyslittlepack.com\/sv\/wp-json\/wp\/v2\/media?parent=85"}],"curies":[{"name":"wp","href":"https:\/\/api.w.org\/{rel}","templated":true}]}}