{"id":80,"date":"2025-03-05T14:58:11","date_gmt":"2025-03-05T14:58:11","guid":{"rendered":"https:\/\/mollyslittlepack.com\/?page_id=80"},"modified":"2025-03-17T09:42:44","modified_gmt":"2025-03-17T09:42:44","slug":"the-flatcoat","status":"publish","type":"page","link":"https:\/\/mollyslittlepack.com\/sv\/the-flatcoat\/","title":{"rendered":"Flatcoaten"},"content":{"rendered":"<div data-elementor-type=\"wp-page\" data-elementor-id=\"80\" class=\"elementor elementor-80\" data-elementor-post-type=\"page\">\n\t\t\t\t<div class=\"elementor-element elementor-element-b1c6ebd e-con-full e-flex e-con e-parent\" data-id=\"b1c6ebd\" data-element_type=\"container\">\n\t\t<div class=\"elementor-element elementor-element-b472e1f e-con-full e-flex e-con e-child\" data-id=\"b472e1f\" data-element_type=\"container\">\n\t\t\t\t<div class=\"elementor-element elementor-element-1307deb elementor-widget elementor-widget-heading\" data-id=\"1307deb\" data-element_type=\"widget\" data-widget_type=\"heading.default\">\n\t\t\t\t<div class=\"elementor-widget-container\">\n\t\t\t\t\t<h2 class=\"elementor-heading-title elementor-size-default\">Introduktion av flatcoaten<\/h2>\t\t\t\t<\/div>\n\t\t\t\t<\/div>\n\t\t\t\t<div class=\"elementor-element elementor-element-0747f0d elementor-widget elementor-widget-text-editor\" data-id=\"0747f0d\" data-element_type=\"widget\" data-widget_type=\"text-editor.default\">\n\t\t\t\t<div class=\"elementor-widget-container\">\n\t\t\t\t\t\t\t\t\t<p>Flatcoated retriever \u00e4r en energisk, intelligent och tillgiven ras som \u00e4r k\u00e4nd f\u00f6r sin v\u00e4nliga natur och exceptionella apporteringsf\u00f6rm\u00e5ga.<\/p><p>Denna ras utvecklades ursprungligen p\u00e5 1800-talet som en m\u00e5ngsidig jakthund och \u00e4r utm\u00e4rkt p\u00e5 att h\u00e4mta vilt fr\u00e5n b\u00e5de land och vatten. Med sin glansiga fj\u00e4derp\u00e4ls, uttrycksfulla m\u00f6rka \u00f6gon och st\u00e4ndigt viftande svans beskrivs Flatcoated Retriever ofta som en \u201devigt ung\u201d hund p\u00e5 grund av sin lekfulla och entusiastiska personlighet.<\/p><p>Denna lojala och mycket tr\u00e4ningsvilliga ras \u00e4r en utm\u00e4rkt <strong>familjemedlem<\/strong> samt en <strong>skicklig brukshund <\/strong>inom jakt, efters\u00f6k och r\u00e4ddning samt olika hundsporter.<\/p><p>Dess gr\u00e4nsl\u00f6sa energi och k\u00e4rlek till m\u00e4nskligt s\u00e4llskap g\u00f6r den till en favorit bland aktiva \u00e4gare som uppskattar dess glada hum\u00f6r och orubbliga h\u00e4ngivenhet.<\/p>\t\t\t\t\t\t\t\t<\/div>\n\t\t\t\t<\/div>\n\t\t\t\t<\/div>\n\t\t<div class=\"elementor-element elementor-element-64c480f e-con-full e-flex e-con e-child\" data-id=\"64c480f\" data-element_type=\"container\" data-settings=\"{&quot;background_background&quot;:&quot;classic&quot;}\">\n\t\t\t\t<\/div>\n\t\t\t\t<\/div>\n\t\t\t\t<\/div>","protected":false},"excerpt":{"rendered":"<p>Introducing the flatcoat The Flatcoated Retriever is an energetic, intelligent, and affectionate breed known for its friendly nature and exceptional retrieving abilities. Originally developed in the 19th century as a versatile hunting dog, this breed excels in retrieving game from both land and water. With its glossy, feathered coat, expressive dark eyes, and ever-wagging tail, [&hellip;]<\/p>","protected":false},"author":1,"featured_media":0,"parent":0,"menu_order":0,"comment_status":"closed","ping_status":"closed","template":"","meta":{"footnotes":""},"class_list":["post-80","page","type-page","status-publish","hentry"],"_links":{"self":[{"href":"https:\/\/mollyslittlepack.com\/sv\/wp-json\/wp\/v2\/pages\/80","targetHints":{"allow":["GET"]}}],"collection":[{"href":"https:\/\/mollyslittlepack.com\/sv\/wp-json\/wp\/v2\/pages"}],"about":[{"href":"https:\/\/mollyslittlepack.com\/sv\/wp-json\/wp\/v2\/types\/page"}],"author":[{"embeddable":true,"href":"https:\/\/mollyslittlepack.com\/sv\/wp-json\/wp\/v2\/users\/1"}],"replies":[{"embeddable":true,"href":"https:\/\/mollyslittlepack.com\/sv\/wp-json\/wp\/v2\/comments?post=80"}],"version-history":[{"count":7,"href":"https:\/\/mollyslittlepack.com\/sv\/wp-json\/wp\/v2\/pages\/80\/revisions"}],"predecessor-version":[{"id":190,"href":"https:\/\/mollyslittlepack.com\/sv\/wp-json\/wp\/v2\/pages\/80\/revisions\/190"}],"wp:attachment":[{"href":"https:\/\/mollyslittlepack.com\/sv\/wp-json\/wp\/v2\/media?parent=80"}],"curies":[{"name":"wp","href":"https:\/\/api.w.org\/{rel}","templated":true}]}}